{"id":167,"date":"2018-12-12T21:54:01","date_gmt":"2018-12-12T21:54:01","guid":{"rendered":"https:\/\/www.awanuilabs.co.nz\/central\/wellington\/?page_id=167"},"modified":"2025-07-29T12:32:49","modified_gmt":"2025-07-29T00:32:49","slug":"our-values","status":"publish","type":"page","link":"https:\/\/www.awanuilabs.co.nz\/central\/wellington\/about-us\/our-values\/","title":{"rendered":"Our values"},"content":{"rendered":"\n<h2 class=\"wp-block-heading\">Our Values<\/h2>\n\n\n\n<p>\u014c m\u0101tou m\u0101t\u0101pono<br><strong>Our values<\/strong><\/p>\n\n\n\n<p>Our values are a simple but powerful foundation for a shared understanding of what matters in our workplaces, our culture, how we operate, and what distinguishes us as an organisation.<\/p>\n\n\n\n<p>Manaakitanga<br><strong>We Care<\/strong>&nbsp;for each other and the people we serve<\/p>\n\n\n\n<p>Whakapakari<br><strong>We Improve<\/strong>&nbsp;and adapt to create opportunities for success.<\/p>\n\n\n\n<p>Hiranga<br><strong>We Deliver&nbsp;<\/strong>the highest quality medical and scientific expertise<\/p>\n\n\n\n<h2 class=\"wp-block-heading\">Acknowledge the Treaty of Waitangi<\/h2>\n\n\n\n<p>Whakamanatia te Tiriti o Waitangi. The Treaty of Waitangi is acknowledged as a unique feature of the New Zealand community.<\/p>\n","protected":false},"excerpt":{"rendered":"Our Values \u014c m\u0101tou m\u0101t\u0101ponoOur values Our values are a simple but powerful foundation for a shared understanding of what matters in our workplaces, our culture, how we operate, and what distinguishes us as an organisation. ManaakitangaWe Care&nbsp;for each other and the people we serve WhakapakariWe Improve&nbsp;and adapt to create opportunities for success. HirangaWe Deliver&nbsp;the [&hellip;]","protected":false},"author":1,"featured_media":160,"parent":30,"menu_order":0,"comment_status":"closed","ping_status":"closed","template":"page-left-sidebar.php","meta":{"footnotes":""},"yoast_head":"<!-- This site is optimized with the Yoast SEO plugin v24.2 - https:\/\/yoast.com\/wordpress\/plugins\/seo\/ -->\n<title>Our values &#8211; Awanui Labs - Wellington<\/title>\n<meta name=\"description\" content=\"Awanui Labs operates under the STAR values: service excellence; teamwork and integrity; aspiration and responsibility.\" \/>\n<meta name=\"robots\" content=\"index, follow, max-snippet:-1, max-image-preview:large, max-video-preview:-1\" \/>\n<link rel=\"canonical\" href=\"https:\/\/www.awanuilabs.co.nz\/central\/wellington\/about-us\/our-values\/\" \/>\n<meta property=\"og:locale\" content=\"en_US\" \/>\n<meta property=\"og:type\" content=\"article\" \/>\n<meta property=\"og:title\" content=\"Our values &#8211; Awanui Labs - Wellington\" \/>\n<meta property=\"og:description\" content=\"Awanui Labs operates under the STAR values: service excellence; teamwork and integrity; aspiration and responsibility.\" \/>\n<meta property=\"og:url\" content=\"https:\/\/www.awanuilabs.co.nz\/central\/wellington\/about-us\/our-values\/\" \/>\n<meta property=\"og:site_name\" content=\"Awanui Labs - Wellington\" \/>\n<meta property=\"article:modified_time\" content=\"2025-07-29T00:32:49+00:00\" \/>\n<meta property=\"og:image\" content=\"https:\/\/fl-healthscope-media.s3.amazonaws.com\/lab-sites\/uploads\/sites\/3\/2018\/12\/AdobeStock_184464900@2x.png\" \/>\n\t<meta property=\"og:image:width\" content=\"263\" \/>\n\t<meta property=\"og:image:height\" content=\"263\" \/>\n\t<meta property=\"og:image:type\" content=\"image\/png\" \/>\n<meta name=\"twitter:card\" content=\"summary_large_image\" \/>\n<meta name=\"twitter:label1\" content=\"Est. reading time\" \/>\n\t<meta name=\"twitter:data1\" content=\"1 minute\" \/>\n<script type=\"application\/ld+json\" class=\"yoast-schema-graph\">{\"@context\":\"https:\/\/schema.org\",\"@graph\":[{\"@type\":\"WebPage\",\"@id\":\"https:\/\/www.awanuilabs.co.nz\/central\/wellington\/about-us\/our-values\/\",\"url\":\"https:\/\/www.awanuilabs.co.nz\/central\/wellington\/about-us\/our-values\/\",\"name\":\"Our values &#8211; Awanui Labs - Wellington\",\"isPartOf\":{\"@id\":\"https:\/\/www.awanuilabs.co.nz\/central\/wellington\/#website\"},\"primaryImageOfPage\":{\"@id\":\"https:\/\/www.awanuilabs.co.nz\/central\/wellington\/about-us\/our-values\/#primaryimage\"},\"image\":{\"@id\":\"https:\/\/www.awanuilabs.co.nz\/central\/wellington\/about-us\/our-values\/#primaryimage\"},\"thumbnailUrl\":\"https:\/\/fl-healthscope-media.s3.amazonaws.com\/lab-sites\/uploads\/sites\/3\/2018\/12\/AdobeStock_184464900@2x.png\",\"datePublished\":\"2018-12-12T21:54:01+00:00\",\"dateModified\":\"2025-07-29T00:32:49+00:00\",\"description\":\"Awanui Labs operates under the STAR values: service excellence; teamwork and integrity; aspiration and responsibility.\",\"breadcrumb\":{\"@id\":\"https:\/\/www.awanuilabs.co.nz\/central\/wellington\/about-us\/our-values\/#breadcrumb\"},\"inLanguage\":\"en-NZ\",\"potentialAction\":[{\"@type\":\"ReadAction\",\"target\":[\"https:\/\/www.awanuilabs.co.nz\/central\/wellington\/about-us\/our-values\/\"]}]},{\"@type\":\"ImageObject\",\"inLanguage\":\"en-NZ\",\"@id\":\"https:\/\/www.awanuilabs.co.nz\/central\/wellington\/about-us\/our-values\/#primaryimage\",\"url\":\"https:\/\/fl-healthscope-media.s3.amazonaws.com\/lab-sites\/uploads\/sites\/3\/2018\/12\/AdobeStock_184464900@2x.png\",\"contentUrl\":\"https:\/\/fl-healthscope-media.s3.amazonaws.com\/lab-sites\/uploads\/sites\/3\/2018\/12\/AdobeStock_184464900@2x.png\",\"width\":263,\"height\":263},{\"@type\":\"BreadcrumbList\",\"@id\":\"https:\/\/www.awanuilabs.co.nz\/central\/wellington\/about-us\/our-values\/#breadcrumb\",\"itemListElement\":[{\"@type\":\"ListItem\",\"position\":1,\"name\":\"Home\",\"item\":\"https:\/\/www.awanuilabs.co.nz\/central\/wellington\/\"},{\"@type\":\"ListItem\",\"position\":2,\"name\":\"About us\",\"item\":\"https:\/\/www.awanuilabs.co.nz\/central\/wellington\/about-us\/\"},{\"@type\":\"ListItem\",\"position\":3,\"name\":\"Our values\"}]},{\"@type\":\"WebSite\",\"@id\":\"https:\/\/www.awanuilabs.co.nz\/central\/wellington\/#website\",\"url\":\"https:\/\/www.awanuilabs.co.nz\/central\/wellington\/\",\"name\":\"Awanui Labs - Wellington\",\"description\":\"Laboratory and pathology services\",\"publisher\":{\"@id\":\"https:\/\/www.awanuilabs.co.nz\/central\/wellington\/#organization\"},\"potentialAction\":[{\"@type\":\"SearchAction\",\"target\":{\"@type\":\"EntryPoint\",\"urlTemplate\":\"https:\/\/www.awanuilabs.co.nz\/central\/wellington\/?s={search_term_string}\"},\"query-input\":{\"@type\":\"PropertyValueSpecification\",\"valueRequired\":true,\"valueName\":\"search_term_string\"}}],\"inLanguage\":\"en-NZ\"},{\"@type\":\"Organization\",\"@id\":\"https:\/\/www.awanuilabs.co.nz\/central\/wellington\/#organization\",\"name\":\"Awanui Labs - Wellington\",\"url\":\"https:\/\/www.awanuilabs.co.nz\/central\/wellington\/\",\"logo\":{\"@type\":\"ImageObject\",\"inLanguage\":\"en-NZ\",\"@id\":\"https:\/\/www.awanuilabs.co.nz\/central\/wellington\/#\/schema\/logo\/image\/\",\"url\":\"https:\/\/fl-healthscope-media.s3.amazonaws.com\/lab-sites\/uploads\/sites\/3\/2023\/08\/RGB_Awanui-Labs-horizonal-colour-positive.svg\",\"contentUrl\":\"https:\/\/fl-healthscope-media.s3.amazonaws.com\/lab-sites\/uploads\/sites\/3\/2023\/08\/RGB_Awanui-Labs-horizonal-colour-positive.svg\",\"width\":861,\"height\":133,\"caption\":\"Awanui Labs - Wellington\"},\"image\":{\"@id\":\"https:\/\/www.awanuilabs.co.nz\/central\/wellington\/#\/schema\/logo\/image\/\"}}]}<\/script>\n<!-- \/ Yoast SEO plugin. -->","yoast_head_json":{"title":"Our values &#8211; Awanui Labs - Wellington","description":"Awanui Labs operates under the STAR values: service excellence; teamwork and integrity; aspiration and responsibility.","robots":{"index":"index","follow":"follow","max-snippet":"max-snippet:-1","max-image-preview":"max-image-preview:large","max-video-preview":"max-video-preview:-1"},"canonical":"https:\/\/www.awanuilabs.co.nz\/central\/wellington\/about-us\/our-values\/","og_locale":"en_US","og_type":"article","og_title":"Our values &#8211; Awanui Labs - Wellington","og_description":"Awanui Labs operates under the STAR values: service excellence; teamwork and integrity; aspiration and responsibility.","og_url":"https:\/\/www.awanuilabs.co.nz\/central\/wellington\/about-us\/our-values\/","og_site_name":"Awanui Labs - Wellington","article_modified_time":"2025-07-29T00:32:49+00:00","og_image":[{"width":263,"height":263,"url":"https:\/\/fl-healthscope-media.s3.amazonaws.com\/lab-sites\/uploads\/sites\/3\/2018\/12\/AdobeStock_184464900@2x.png","type":"image\/png"}],"twitter_card":"summary_large_image","twitter_misc":{"Est. reading time":"1 minute"},"schema":{"@context":"https:\/\/schema.org","@graph":[{"@type":"WebPage","@id":"https:\/\/www.awanuilabs.co.nz\/central\/wellington\/about-us\/our-values\/","url":"https:\/\/www.awanuilabs.co.nz\/central\/wellington\/about-us\/our-values\/","name":"Our values &#8211; Awanui Labs - Wellington","isPartOf":{"@id":"https:\/\/www.awanuilabs.co.nz\/central\/wellington\/#website"},"primaryImageOfPage":{"@id":"https:\/\/www.awanuilabs.co.nz\/central\/wellington\/about-us\/our-values\/#primaryimage"},"image":{"@id":"https:\/\/www.awanuilabs.co.nz\/central\/wellington\/about-us\/our-values\/#primaryimage"},"thumbnailUrl":"https:\/\/fl-healthscope-media.s3.amazonaws.com\/lab-sites\/uploads\/sites\/3\/2018\/12\/AdobeStock_184464900@2x.png","datePublished":"2018-12-12T21:54:01+00:00","dateModified":"2025-07-29T00:32:49+00:00","description":"Awanui Labs operates under the STAR values: service excellence; teamwork and integrity; aspiration and responsibility.","breadcrumb":{"@id":"https:\/\/www.awanuilabs.co.nz\/central\/wellington\/about-us\/our-values\/#breadcrumb"},"inLanguage":"en-NZ","potentialAction":[{"@type":"ReadAction","target":["https:\/\/www.awanuilabs.co.nz\/central\/wellington\/about-us\/our-values\/"]}]},{"@type":"ImageObject","inLanguage":"en-NZ","@id":"https:\/\/www.awanuilabs.co.nz\/central\/wellington\/about-us\/our-values\/#primaryimage","url":"https:\/\/fl-healthscope-media.s3.amazonaws.com\/lab-sites\/uploads\/sites\/3\/2018\/12\/AdobeStock_184464900@2x.png","contentUrl":"https:\/\/fl-healthscope-media.s3.amazonaws.com\/lab-sites\/uploads\/sites\/3\/2018\/12\/AdobeStock_184464900@2x.png","width":263,"height":263},{"@type":"BreadcrumbList","@id":"https:\/\/www.awanuilabs.co.nz\/central\/wellington\/about-us\/our-values\/#breadcrumb","itemListElement":[{"@type":"ListItem","position":1,"name":"Home","item":"https:\/\/www.awanuilabs.co.nz\/central\/wellington\/"},{"@type":"ListItem","position":2,"name":"About us","item":"https:\/\/www.awanuilabs.co.nz\/central\/wellington\/about-us\/"},{"@type":"ListItem","position":3,"name":"Our values"}]},{"@type":"WebSite","@id":"https:\/\/www.awanuilabs.co.nz\/central\/wellington\/#website","url":"https:\/\/www.awanuilabs.co.nz\/central\/wellington\/","name":"Awanui Labs - Wellington","description":"Laboratory and pathology services","publisher":{"@id":"https:\/\/www.awanuilabs.co.nz\/central\/wellington\/#organization"},"potentialAction":[{"@type":"SearchAction","target":{"@type":"EntryPoint","urlTemplate":"https:\/\/www.awanuilabs.co.nz\/central\/wellington\/?s={search_term_string}"},"query-input":{"@type":"PropertyValueSpecification","valueRequired":true,"valueName":"search_term_string"}}],"inLanguage":"en-NZ"},{"@type":"Organization","@id":"https:\/\/www.awanuilabs.co.nz\/central\/wellington\/#organization","name":"Awanui Labs - Wellington","url":"https:\/\/www.awanuilabs.co.nz\/central\/wellington\/","logo":{"@type":"ImageObject","inLanguage":"en-NZ","@id":"https:\/\/www.awanuilabs.co.nz\/central\/wellington\/#\/schema\/logo\/image\/","url":"https:\/\/fl-healthscope-media.s3.amazonaws.com\/lab-sites\/uploads\/sites\/3\/2023\/08\/RGB_Awanui-Labs-horizonal-colour-positive.svg","contentUrl":"https:\/\/fl-healthscope-media.s3.amazonaws.com\/lab-sites\/uploads\/sites\/3\/2023\/08\/RGB_Awanui-Labs-horizonal-colour-positive.svg","width":861,"height":133,"caption":"Awanui Labs - Wellington"},"image":{"@id":"https:\/\/www.awanuilabs.co.nz\/central\/wellington\/#\/schema\/logo\/image\/"}}]}},"featured_image_src":"https:\/\/fl-healthscope-media.s3.amazonaws.com\/lab-sites\/uploads\/sites\/3\/2018\/12\/AdobeStock_184464900@2x.png","featured_image_src_square":"https:\/\/fl-healthscope-media.s3.amazonaws.com\/lab-sites\/uploads\/sites\/3\/2018\/12\/AdobeStock_184464900@2x.png","_links":{"self":[{"href":"https:\/\/www.awanuilabs.co.nz\/central\/wellington\/wp-json\/wp\/v2\/pages\/167"}],"collection":[{"href":"https:\/\/www.awanuilabs.co.nz\/central\/wellington\/wp-json\/wp\/v2\/pages"}],"about":[{"href":"https:\/\/www.awanuilabs.co.nz\/central\/wellington\/wp-json\/wp\/v2\/types\/page"}],"author":[{"embeddable":true,"href":"https:\/\/www.awanuilabs.co.nz\/central\/wellington\/wp-json\/wp\/v2\/users\/1"}],"replies":[{"embeddable":true,"href":"https:\/\/www.awanuilabs.co.nz\/central\/wellington\/wp-json\/wp\/v2\/comments?post=167"}],"version-history":[{"count":14,"href":"https:\/\/www.awanuilabs.co.nz\/central\/wellington\/wp-json\/wp\/v2\/pages\/167\/revisions"}],"predecessor-version":[{"id":6603,"href":"https:\/\/www.awanuilabs.co.nz\/central\/wellington\/wp-json\/wp\/v2\/pages\/167\/revisions\/6603"}],"up":[{"embeddable":true,"href":"https:\/\/www.awanuilabs.co.nz\/central\/wellington\/wp-json\/wp\/v2\/pages\/30"}],"wp:featuredmedia":[{"embeddable":true,"href":"https:\/\/www.awanuilabs.co.nz\/central\/wellington\/wp-json\/wp\/v2\/media\/160"}],"wp:attachment":[{"href":"https:\/\/www.awanuilabs.co.nz\/central\/wellington\/wp-json\/wp\/v2\/media?parent=167"}],"curies":[{"name":"wp","href":"https:\/\/api.w.org\/{rel}","templated":true}]}}