{"id":122,"date":"2018-09-13T06:22:22","date_gmt":"2018-09-13T06:22:22","guid":{"rendered":"https:\/\/www.awanuilabs.co.nz\/south\/canterbury\/?page_id=94"},"modified":"2025-07-29T12:32:18","modified_gmt":"2025-07-29T00:32:18","slug":"about-us","status":"publish","type":"page","link":"https:\/\/www.awanuilabs.co.nz\/south\/canterbury\/about-us\/","title":{"rendered":"About us"},"content":{"rendered":"\n<p>Awanui Labs is an IANZ accredited medical diagnostic laboratory providing a range of pathology services for all general practitioners (GP), private specialists and midwives. Awanui Labs also provides commercial services for non-funded requests.<\/p>\n\n\n\n<p>Our laboratories are highly automated and technically advanced, we deliver an outstanding service for patients and health professionals. <\/p>\n\n\n\n<p>In addition to laboratory testing, we also provide:<\/p>\n\n\n\n<ul>\n<li>Collection centre network (Canterbury and South Canterbury)<\/li>\n\n\n\n<li>Courier network<\/li>\n\n\n\n<li>Home visit service<\/li>\n\n\n\n<li>Fine needle aspirate (FNA) clinics <em>(by appointment only)<\/em><\/li>\n\n\n\n<li>Infection control support<\/li>\n\n\n\n<li>Paternity testing and Illumiscreen prenatal testing <em>(by appointment only)<\/em><\/li>\n<\/ul>\n\n\n\n<p>We are proud of the positive impact our services have on the health and well-being of the greater Canterbury community.&nbsp;<\/p>\n\n\n\n<h2 class=\"wp-block-heading\">Our values<\/h2>\n\n\n\n<p>\u014c m\u0101tou m\u0101t\u0101pono<br><strong>Our values<\/strong><\/p>\n\n\n\n<p>Our values are a simple but powerful foundation for a shared understanding of what matters in our workplaces, our culture, how we operate, and what distinguishes us as an organisation.<\/p>\n\n\n\n<p>Manaakitanga<br><strong>We Care<\/strong>&nbsp;for each other and the people we serve<\/p>\n\n\n\n<p>Whakapakari<br><strong>We Improve<\/strong>&nbsp;and adapt to create opportunities for success.<\/p>\n\n\n\n<p>Hiranga<br><strong>We Deliver&nbsp;<\/strong>the highest quality medical and scientific expertise<\/p>\n\n\n\n<h2 class=\"wp-block-heading\">Careers<\/h2>\n\n\n\n<p>People are the heart of our business; we are proud of our highly skilled and&nbsp; loyal workforce. If you are interested in working with us and taking the first step into a rewarding career our latest vacancies can be found on <strong><a href=\"https:\/\/awanuigroup.co.nz\/careers\/\" target=\"_blank\" rel=\"noreferrer noopener\">our careers website<\/a><\/strong>.<\/p>\n","protected":false},"excerpt":{"rendered":"Awanui Labs is an IANZ accredited medical diagnostic laboratory providing a range of pathology services for all general practitioners (GP), private specialists and midwives. Awanui Labs also provides commercial services for non-funded requests. Our laboratories are highly automated and technically advanced, we deliver an outstanding service for patients and health professionals. In addition to laboratory [&hellip;]","protected":false},"author":1,"featured_media":0,"parent":0,"menu_order":0,"comment_status":"closed","ping_status":"closed","template":"page-left-sidebar.php","meta":{"footnotes":""},"yoast_head":"<!-- This site is optimized with the Yoast SEO plugin v24.2 - https:\/\/yoast.com\/wordpress\/plugins\/seo\/ -->\n<title>About us &#8211; Awanui Labs - Canterbury<\/title>\n<meta name=\"description\" content=\"Awanui Labs is an IANZ accredited medical diagnostic laboratory providing a range of pathology services for all general practitioners (GP), private specialists and midwives. Awanui Labs also provides commercial services for non-funded requests.\" \/>\n<meta name=\"robots\" content=\"index, follow, max-snippet:-1, max-image-preview:large, max-video-preview:-1\" \/>\n<link rel=\"canonical\" href=\"https:\/\/www.awanuilabs.co.nz\/south\/canterbury\/about-us\/\" \/>\n<meta property=\"og:locale\" content=\"en_US\" \/>\n<meta property=\"og:type\" content=\"article\" \/>\n<meta property=\"og:title\" content=\"About us &#8211; Awanui Labs - Canterbury\" \/>\n<meta property=\"og:description\" content=\"Awanui Labs is an IANZ accredited medical diagnostic laboratory providing a range of pathology services for all general practitioners (GP), private specialists and midwives. Awanui Labs also provides commercial services for non-funded requests.\" \/>\n<meta property=\"og:url\" content=\"https:\/\/www.awanuilabs.co.nz\/south\/canterbury\/about-us\/\" \/>\n<meta property=\"og:site_name\" content=\"Awanui Labs - Canterbury\" \/>\n<meta property=\"article:modified_time\" content=\"2025-07-29T00:32:18+00:00\" \/>\n<meta property=\"og:image\" content=\"https:\/\/fl-healthscope-media.s3.amazonaws.com\/lab-sites\/uploads\/2023\/07\/Awanui-Labs-Lab-Technician-min.jpeg\" \/>\n\t<meta property=\"og:image:width\" content=\"2000\" \/>\n\t<meta property=\"og:image:height\" content=\"917\" \/>\n\t<meta property=\"og:image:type\" content=\"image\/jpeg\" \/>\n<meta name=\"twitter:card\" content=\"summary_large_image\" \/>\n<meta name=\"twitter:label1\" content=\"Est. reading time\" \/>\n\t<meta name=\"twitter:data1\" content=\"1 minute\" \/>\n<script type=\"application\/ld+json\" class=\"yoast-schema-graph\">{\"@context\":\"https:\/\/schema.org\",\"@graph\":[{\"@type\":\"WebPage\",\"@id\":\"https:\/\/www.awanuilabs.co.nz\/south\/canterbury\/about-us\/\",\"url\":\"https:\/\/www.awanuilabs.co.nz\/south\/canterbury\/about-us\/\",\"name\":\"About us &#8211; Awanui Labs - Canterbury\",\"isPartOf\":{\"@id\":\"https:\/\/www.awanuilabs.co.nz\/south\/canterbury\/#website\"},\"datePublished\":\"2018-09-13T06:22:22+00:00\",\"dateModified\":\"2025-07-29T00:32:18+00:00\",\"description\":\"Awanui Labs is an IANZ accredited medical diagnostic laboratory providing a range of pathology services for all general practitioners (GP), private specialists and midwives. Awanui Labs also provides commercial services for non-funded requests.\",\"breadcrumb\":{\"@id\":\"https:\/\/www.awanuilabs.co.nz\/south\/canterbury\/about-us\/#breadcrumb\"},\"inLanguage\":\"en-NZ\",\"potentialAction\":[{\"@type\":\"ReadAction\",\"target\":[\"https:\/\/www.awanuilabs.co.nz\/south\/canterbury\/about-us\/\"]}]},{\"@type\":\"BreadcrumbList\",\"@id\":\"https:\/\/www.awanuilabs.co.nz\/south\/canterbury\/about-us\/#breadcrumb\",\"itemListElement\":[{\"@type\":\"ListItem\",\"position\":1,\"name\":\"Home\",\"item\":\"https:\/\/www.awanuilabs.co.nz\/south\/canterbury\/\"},{\"@type\":\"ListItem\",\"position\":2,\"name\":\"About us\"}]},{\"@type\":\"WebSite\",\"@id\":\"https:\/\/www.awanuilabs.co.nz\/south\/canterbury\/#website\",\"url\":\"https:\/\/www.awanuilabs.co.nz\/south\/canterbury\/\",\"name\":\"Awanui Labs - Canterbury\",\"description\":\"Laboratory and pathology services\",\"publisher\":{\"@id\":\"https:\/\/www.awanuilabs.co.nz\/south\/canterbury\/#organization\"},\"potentialAction\":[{\"@type\":\"SearchAction\",\"target\":{\"@type\":\"EntryPoint\",\"urlTemplate\":\"https:\/\/www.awanuilabs.co.nz\/south\/canterbury\/?s={search_term_string}\"},\"query-input\":{\"@type\":\"PropertyValueSpecification\",\"valueRequired\":true,\"valueName\":\"search_term_string\"}}],\"inLanguage\":\"en-NZ\"},{\"@type\":\"Organization\",\"@id\":\"https:\/\/www.awanuilabs.co.nz\/south\/canterbury\/#organization\",\"name\":\"Awanui Labs - Canterbury\",\"url\":\"https:\/\/www.awanuilabs.co.nz\/south\/canterbury\/\",\"logo\":{\"@type\":\"ImageObject\",\"inLanguage\":\"en-NZ\",\"@id\":\"https:\/\/www.awanuilabs.co.nz\/south\/canterbury\/#\/schema\/logo\/image\/\",\"url\":\"https:\/\/fl-healthscope-media.s3.amazonaws.com\/lab-sites\/uploads\/2023\/07\/RGB_Awanui-Labs-horizonal-colour-positive-1.svg\",\"contentUrl\":\"https:\/\/fl-healthscope-media.s3.amazonaws.com\/lab-sites\/uploads\/2023\/07\/RGB_Awanui-Labs-horizonal-colour-positive-1.svg\",\"width\":861,\"height\":133,\"caption\":\"Awanui Labs - Canterbury\"},\"image\":{\"@id\":\"https:\/\/www.awanuilabs.co.nz\/south\/canterbury\/#\/schema\/logo\/image\/\"}}]}<\/script>\n<!-- \/ Yoast SEO plugin. -->","yoast_head_json":{"title":"About us &#8211; Awanui Labs - Canterbury","description":"Awanui Labs is an IANZ accredited medical diagnostic laboratory providing a range of pathology services for all general practitioners (GP), private specialists and midwives. Awanui Labs also provides commercial services for non-funded requests.","robots":{"index":"index","follow":"follow","max-snippet":"max-snippet:-1","max-image-preview":"max-image-preview:large","max-video-preview":"max-video-preview:-1"},"canonical":"https:\/\/www.awanuilabs.co.nz\/south\/canterbury\/about-us\/","og_locale":"en_US","og_type":"article","og_title":"About us &#8211; Awanui Labs - Canterbury","og_description":"Awanui Labs is an IANZ accredited medical diagnostic laboratory providing a range of pathology services for all general practitioners (GP), private specialists and midwives. Awanui Labs also provides commercial services for non-funded requests.","og_url":"https:\/\/www.awanuilabs.co.nz\/south\/canterbury\/about-us\/","og_site_name":"Awanui Labs - Canterbury","article_modified_time":"2025-07-29T00:32:18+00:00","og_image":[{"width":2000,"height":917,"url":"https:\/\/fl-healthscope-media.s3.amazonaws.com\/lab-sites\/uploads\/2023\/07\/Awanui-Labs-Lab-Technician-min.jpeg","type":"image\/jpeg"}],"twitter_card":"summary_large_image","twitter_misc":{"Est. reading time":"1 minute"},"schema":{"@context":"https:\/\/schema.org","@graph":[{"@type":"WebPage","@id":"https:\/\/www.awanuilabs.co.nz\/south\/canterbury\/about-us\/","url":"https:\/\/www.awanuilabs.co.nz\/south\/canterbury\/about-us\/","name":"About us &#8211; Awanui Labs - Canterbury","isPartOf":{"@id":"https:\/\/www.awanuilabs.co.nz\/south\/canterbury\/#website"},"datePublished":"2018-09-13T06:22:22+00:00","dateModified":"2025-07-29T00:32:18+00:00","description":"Awanui Labs is an IANZ accredited medical diagnostic laboratory providing a range of pathology services for all general practitioners (GP), private specialists and midwives. Awanui Labs also provides commercial services for non-funded requests.","breadcrumb":{"@id":"https:\/\/www.awanuilabs.co.nz\/south\/canterbury\/about-us\/#breadcrumb"},"inLanguage":"en-NZ","potentialAction":[{"@type":"ReadAction","target":["https:\/\/www.awanuilabs.co.nz\/south\/canterbury\/about-us\/"]}]},{"@type":"BreadcrumbList","@id":"https:\/\/www.awanuilabs.co.nz\/south\/canterbury\/about-us\/#breadcrumb","itemListElement":[{"@type":"ListItem","position":1,"name":"Home","item":"https:\/\/www.awanuilabs.co.nz\/south\/canterbury\/"},{"@type":"ListItem","position":2,"name":"About us"}]},{"@type":"WebSite","@id":"https:\/\/www.awanuilabs.co.nz\/south\/canterbury\/#website","url":"https:\/\/www.awanuilabs.co.nz\/south\/canterbury\/","name":"Awanui Labs - Canterbury","description":"Laboratory and pathology services","publisher":{"@id":"https:\/\/www.awanuilabs.co.nz\/south\/canterbury\/#organization"},"potentialAction":[{"@type":"SearchAction","target":{"@type":"EntryPoint","urlTemplate":"https:\/\/www.awanuilabs.co.nz\/south\/canterbury\/?s={search_term_string}"},"query-input":{"@type":"PropertyValueSpecification","valueRequired":true,"valueName":"search_term_string"}}],"inLanguage":"en-NZ"},{"@type":"Organization","@id":"https:\/\/www.awanuilabs.co.nz\/south\/canterbury\/#organization","name":"Awanui Labs - Canterbury","url":"https:\/\/www.awanuilabs.co.nz\/south\/canterbury\/","logo":{"@type":"ImageObject","inLanguage":"en-NZ","@id":"https:\/\/www.awanuilabs.co.nz\/south\/canterbury\/#\/schema\/logo\/image\/","url":"https:\/\/fl-healthscope-media.s3.amazonaws.com\/lab-sites\/uploads\/2023\/07\/RGB_Awanui-Labs-horizonal-colour-positive-1.svg","contentUrl":"https:\/\/fl-healthscope-media.s3.amazonaws.com\/lab-sites\/uploads\/2023\/07\/RGB_Awanui-Labs-horizonal-colour-positive-1.svg","width":861,"height":133,"caption":"Awanui Labs - Canterbury"},"image":{"@id":"https:\/\/www.awanuilabs.co.nz\/south\/canterbury\/#\/schema\/logo\/image\/"}}]}},"featured_image_src":null,"featured_image_src_square":null,"_links":{"self":[{"href":"https:\/\/www.awanuilabs.co.nz\/south\/canterbury\/wp-json\/wp\/v2\/pages\/122"}],"collection":[{"href":"https:\/\/www.awanuilabs.co.nz\/south\/canterbury\/wp-json\/wp\/v2\/pages"}],"about":[{"href":"https:\/\/www.awanuilabs.co.nz\/south\/canterbury\/wp-json\/wp\/v2\/types\/page"}],"author":[{"embeddable":true,"href":"https:\/\/www.awanuilabs.co.nz\/south\/canterbury\/wp-json\/wp\/v2\/users\/1"}],"replies":[{"embeddable":true,"href":"https:\/\/www.awanuilabs.co.nz\/south\/canterbury\/wp-json\/wp\/v2\/comments?post=122"}],"version-history":[{"count":28,"href":"https:\/\/www.awanuilabs.co.nz\/south\/canterbury\/wp-json\/wp\/v2\/pages\/122\/revisions"}],"predecessor-version":[{"id":6018,"href":"https:\/\/www.awanuilabs.co.nz\/south\/canterbury\/wp-json\/wp\/v2\/pages\/122\/revisions\/6018"}],"wp:attachment":[{"href":"https:\/\/www.awanuilabs.co.nz\/south\/canterbury\/wp-json\/wp\/v2\/media?parent=122"}],"curies":[{"name":"wp","href":"https:\/\/api.w.org\/{rel}","templated":true}]}}