{"id":4,"date":"2020-03-31T08:52:30","date_gmt":"2020-03-31T08:52:30","guid":{"rendered":"https:\/\/www.awanuilabs.co.nz\/south\/nmt\/?page_id=4"},"modified":"2025-07-29T12:35:03","modified_gmt":"2025-07-29T00:35:03","slug":"about-us","status":"publish","type":"page","link":"https:\/\/www.awanuilabs.co.nz\/south\/nmt\/about-us\/","title":{"rendered":"About Us"},"content":{"rendered":"\n<p>Awanui Labs covers the Nelson and Marlborough regions. Awanui Labs provides a range of pathology services for all general practitioners (GP), private specialists and midwives as well as commercial services for non-funded requests.<\/p>\n\n\n\n<p>The Awanui Labs laboratories are highly automated and technically advanced, delivering outstanding services for patients and health professionals.<\/p>\n\n\n\n<h2 class=\"wp-block-heading\">Our Values<\/h2>\n\n\n\n<p>We are committed to the future of pathology in New Zealand through excellence in technical, clinical, and service innovations.&nbsp;<\/p>\n\n\n\n<p>\u014c m\u0101tou m\u0101t\u0101pono<br><strong>Our values<\/strong><\/p>\n\n\n\n<p>Our values are a simple but powerful foundation for a shared understanding of what matters in our workplaces, our culture, how we operate, and what distinguishes us as an organisation.<\/p>\n\n\n\n<p>Manaakitanga<br><strong>We Care<\/strong>&nbsp;for each other and the people we serve<\/p>\n\n\n\n<p>Whakapakari<br><strong>We Improve<\/strong>&nbsp;and adapt to create opportunities for success.<\/p>\n\n\n\n<p>Hiranga<br><strong>We Deliver&nbsp;<\/strong>the highest quality medical and scientific expertise<\/p>\n\n\n\n<h2 class=\"wp-block-heading\">Careers<\/h2>\n\n\n\n<p>People are the heart of our business; we are proud of our highly skilled and&nbsp; loyal workforce. If you are interested in working with us and taking the first step into a rewarding career our latest vacancies can be found on <strong><a href=\"https:\/\/awanuigroup.co.nz\/careers\/\" target=\"_blank\" rel=\"noreferrer noopener\">our careers website<\/a><\/strong>.<\/p>\n\n\n\n<div style=\"height:50px\" aria-hidden=\"true\" class=\"wp-block-spacer\"><\/div>\n","protected":false},"excerpt":{"rendered":"Awanui Labs covers the Nelson and Marlborough regions. Awanui Labs provides a range of pathology services for all general practitioners (GP), private specialists and midwives as well as commercial services for non-funded requests. The Awanui Labs laboratories are highly automated and technically advanced, delivering outstanding services for patients and health professionals. Our Values We are [&hellip;]","protected":false},"author":1,"featured_media":0,"parent":0,"menu_order":0,"comment_status":"closed","ping_status":"closed","template":"page-left-sidebar.php","meta":{"footnotes":""},"yoast_head":"<!-- This site is optimized with the Yoast SEO plugin v24.2 - https:\/\/yoast.com\/wordpress\/plugins\/seo\/ -->\n<title>About Us &#8211; Awanui Labs - Marlborough, Nelson, Tasman<\/title>\n<meta name=\"description\" content=\"Awanui Labs covers the Nelson and Marlborough regions as well as Timaru and South Canterbury. Awanui Labs provides a range of pathology services for all general practitioners (GP), private specialists and midwives as well as commercial services for non-funded requests.\" \/>\n<meta name=\"robots\" content=\"index, follow, max-snippet:-1, max-image-preview:large, max-video-preview:-1\" \/>\n<link rel=\"canonical\" href=\"https:\/\/www.awanuilabs.co.nz\/south\/nmt\/about-us\/\" \/>\n<meta property=\"og:locale\" content=\"en_US\" \/>\n<meta property=\"og:type\" content=\"article\" \/>\n<meta property=\"og:title\" content=\"About Us &#8211; Awanui Labs - Marlborough, Nelson, Tasman\" \/>\n<meta property=\"og:description\" content=\"Awanui Labs covers the Nelson and Marlborough regions as well as Timaru and South Canterbury. Awanui Labs provides a range of pathology services for all general practitioners (GP), private specialists and midwives as well as commercial services for non-funded requests.\" \/>\n<meta property=\"og:url\" content=\"https:\/\/www.awanuilabs.co.nz\/south\/nmt\/about-us\/\" \/>\n<meta property=\"og:site_name\" content=\"Awanui Labs - Marlborough, Nelson, Tasman\" \/>\n<meta property=\"article:modified_time\" content=\"2025-07-29T00:35:03+00:00\" \/>\n<meta property=\"og:image\" content=\"https:\/\/fl-healthscope-media.s3.amazonaws.com\/lab-sites\/uploads\/sites\/7\/2023\/08\/Awanui-Labs-Lab-Technician-min.jpeg\" \/>\n\t<meta property=\"og:image:width\" content=\"2000\" \/>\n\t<meta property=\"og:image:height\" content=\"917\" \/>\n\t<meta property=\"og:image:type\" content=\"image\/jpeg\" \/>\n<meta name=\"twitter:card\" content=\"summary_large_image\" \/>\n<meta name=\"twitter:label1\" content=\"Est. reading time\" \/>\n\t<meta name=\"twitter:data1\" content=\"1 minute\" \/>\n<script type=\"application\/ld+json\" class=\"yoast-schema-graph\">{\"@context\":\"https:\/\/schema.org\",\"@graph\":[{\"@type\":\"WebPage\",\"@id\":\"https:\/\/www.awanuilabs.co.nz\/south\/nmt\/about-us\/\",\"url\":\"https:\/\/www.awanuilabs.co.nz\/south\/nmt\/about-us\/\",\"name\":\"About Us &#8211; Awanui Labs - Marlborough, Nelson, Tasman\",\"isPartOf\":{\"@id\":\"https:\/\/www.awanuilabs.co.nz\/south\/nmt\/#website\"},\"datePublished\":\"2020-03-31T08:52:30+00:00\",\"dateModified\":\"2025-07-29T00:35:03+00:00\",\"description\":\"Awanui Labs covers the Nelson and Marlborough regions as well as Timaru and South Canterbury. Awanui Labs provides a range of pathology services for all general practitioners (GP), private specialists and midwives as well as commercial services for non-funded requests.\",\"breadcrumb\":{\"@id\":\"https:\/\/www.awanuilabs.co.nz\/south\/nmt\/about-us\/#breadcrumb\"},\"inLanguage\":\"en-NZ\",\"potentialAction\":[{\"@type\":\"ReadAction\",\"target\":[\"https:\/\/www.awanuilabs.co.nz\/south\/nmt\/about-us\/\"]}]},{\"@type\":\"BreadcrumbList\",\"@id\":\"https:\/\/www.awanuilabs.co.nz\/south\/nmt\/about-us\/#breadcrumb\",\"itemListElement\":[{\"@type\":\"ListItem\",\"position\":1,\"name\":\"Home\",\"item\":\"https:\/\/www.awanuilabs.co.nz\/south\/nmt\/\"},{\"@type\":\"ListItem\",\"position\":2,\"name\":\"About Us\"}]},{\"@type\":\"WebSite\",\"@id\":\"https:\/\/www.awanuilabs.co.nz\/south\/nmt\/#website\",\"url\":\"https:\/\/www.awanuilabs.co.nz\/south\/nmt\/\",\"name\":\"Awanui Labs - Marlborough, Nelson, Tasman\",\"description\":\"Laboratory and pathology services\",\"publisher\":{\"@id\":\"https:\/\/www.awanuilabs.co.nz\/south\/nmt\/#organization\"},\"potentialAction\":[{\"@type\":\"SearchAction\",\"target\":{\"@type\":\"EntryPoint\",\"urlTemplate\":\"https:\/\/www.awanuilabs.co.nz\/south\/nmt\/?s={search_term_string}\"},\"query-input\":{\"@type\":\"PropertyValueSpecification\",\"valueRequired\":true,\"valueName\":\"search_term_string\"}}],\"inLanguage\":\"en-NZ\"},{\"@type\":\"Organization\",\"@id\":\"https:\/\/www.awanuilabs.co.nz\/south\/nmt\/#organization\",\"name\":\"Awanui Labs - Marlborough, Nelson, Tasman\",\"url\":\"https:\/\/www.awanuilabs.co.nz\/south\/nmt\/\",\"logo\":{\"@type\":\"ImageObject\",\"inLanguage\":\"en-NZ\",\"@id\":\"https:\/\/www.awanuilabs.co.nz\/south\/nmt\/#\/schema\/logo\/image\/\",\"url\":\"https:\/\/fl-healthscope-media.s3.amazonaws.com\/lab-sites\/uploads\/sites\/7\/2023\/08\/RGB_Awanui-Labs-horizonal-colour-positive.svg\",\"contentUrl\":\"https:\/\/fl-healthscope-media.s3.amazonaws.com\/lab-sites\/uploads\/sites\/7\/2023\/08\/RGB_Awanui-Labs-horizonal-colour-positive.svg\",\"width\":861,\"height\":133,\"caption\":\"Awanui Labs - Marlborough, Nelson, Tasman\"},\"image\":{\"@id\":\"https:\/\/www.awanuilabs.co.nz\/south\/nmt\/#\/schema\/logo\/image\/\"}}]}<\/script>\n<!-- \/ Yoast SEO plugin. -->","yoast_head_json":{"title":"About Us &#8211; Awanui Labs - Marlborough, Nelson, Tasman","description":"Awanui Labs covers the Nelson and Marlborough regions as well as Timaru and South Canterbury. Awanui Labs provides a range of pathology services for all general practitioners (GP), private specialists and midwives as well as commercial services for non-funded requests.","robots":{"index":"index","follow":"follow","max-snippet":"max-snippet:-1","max-image-preview":"max-image-preview:large","max-video-preview":"max-video-preview:-1"},"canonical":"https:\/\/www.awanuilabs.co.nz\/south\/nmt\/about-us\/","og_locale":"en_US","og_type":"article","og_title":"About Us &#8211; Awanui Labs - Marlborough, Nelson, Tasman","og_description":"Awanui Labs covers the Nelson and Marlborough regions as well as Timaru and South Canterbury. Awanui Labs provides a range of pathology services for all general practitioners (GP), private specialists and midwives as well as commercial services for non-funded requests.","og_url":"https:\/\/www.awanuilabs.co.nz\/south\/nmt\/about-us\/","og_site_name":"Awanui Labs - Marlborough, Nelson, Tasman","article_modified_time":"2025-07-29T00:35:03+00:00","og_image":[{"width":2000,"height":917,"url":"https:\/\/fl-healthscope-media.s3.amazonaws.com\/lab-sites\/uploads\/sites\/7\/2023\/08\/Awanui-Labs-Lab-Technician-min.jpeg","type":"image\/jpeg"}],"twitter_card":"summary_large_image","twitter_misc":{"Est. reading time":"1 minute"},"schema":{"@context":"https:\/\/schema.org","@graph":[{"@type":"WebPage","@id":"https:\/\/www.awanuilabs.co.nz\/south\/nmt\/about-us\/","url":"https:\/\/www.awanuilabs.co.nz\/south\/nmt\/about-us\/","name":"About Us &#8211; Awanui Labs - Marlborough, Nelson, Tasman","isPartOf":{"@id":"https:\/\/www.awanuilabs.co.nz\/south\/nmt\/#website"},"datePublished":"2020-03-31T08:52:30+00:00","dateModified":"2025-07-29T00:35:03+00:00","description":"Awanui Labs covers the Nelson and Marlborough regions as well as Timaru and South Canterbury. Awanui Labs provides a range of pathology services for all general practitioners (GP), private specialists and midwives as well as commercial services for non-funded requests.","breadcrumb":{"@id":"https:\/\/www.awanuilabs.co.nz\/south\/nmt\/about-us\/#breadcrumb"},"inLanguage":"en-NZ","potentialAction":[{"@type":"ReadAction","target":["https:\/\/www.awanuilabs.co.nz\/south\/nmt\/about-us\/"]}]},{"@type":"BreadcrumbList","@id":"https:\/\/www.awanuilabs.co.nz\/south\/nmt\/about-us\/#breadcrumb","itemListElement":[{"@type":"ListItem","position":1,"name":"Home","item":"https:\/\/www.awanuilabs.co.nz\/south\/nmt\/"},{"@type":"ListItem","position":2,"name":"About Us"}]},{"@type":"WebSite","@id":"https:\/\/www.awanuilabs.co.nz\/south\/nmt\/#website","url":"https:\/\/www.awanuilabs.co.nz\/south\/nmt\/","name":"Awanui Labs - Marlborough, Nelson, Tasman","description":"Laboratory and pathology services","publisher":{"@id":"https:\/\/www.awanuilabs.co.nz\/south\/nmt\/#organization"},"potentialAction":[{"@type":"SearchAction","target":{"@type":"EntryPoint","urlTemplate":"https:\/\/www.awanuilabs.co.nz\/south\/nmt\/?s={search_term_string}"},"query-input":{"@type":"PropertyValueSpecification","valueRequired":true,"valueName":"search_term_string"}}],"inLanguage":"en-NZ"},{"@type":"Organization","@id":"https:\/\/www.awanuilabs.co.nz\/south\/nmt\/#organization","name":"Awanui Labs - Marlborough, Nelson, Tasman","url":"https:\/\/www.awanuilabs.co.nz\/south\/nmt\/","logo":{"@type":"ImageObject","inLanguage":"en-NZ","@id":"https:\/\/www.awanuilabs.co.nz\/south\/nmt\/#\/schema\/logo\/image\/","url":"https:\/\/fl-healthscope-media.s3.amazonaws.com\/lab-sites\/uploads\/sites\/7\/2023\/08\/RGB_Awanui-Labs-horizonal-colour-positive.svg","contentUrl":"https:\/\/fl-healthscope-media.s3.amazonaws.com\/lab-sites\/uploads\/sites\/7\/2023\/08\/RGB_Awanui-Labs-horizonal-colour-positive.svg","width":861,"height":133,"caption":"Awanui Labs - Marlborough, Nelson, Tasman"},"image":{"@id":"https:\/\/www.awanuilabs.co.nz\/south\/nmt\/#\/schema\/logo\/image\/"}}]}},"featured_image_src":null,"featured_image_src_square":null,"_links":{"self":[{"href":"https:\/\/www.awanuilabs.co.nz\/south\/nmt\/wp-json\/wp\/v2\/pages\/4"}],"collection":[{"href":"https:\/\/www.awanuilabs.co.nz\/south\/nmt\/wp-json\/wp\/v2\/pages"}],"about":[{"href":"https:\/\/www.awanuilabs.co.nz\/south\/nmt\/wp-json\/wp\/v2\/types\/page"}],"author":[{"embeddable":true,"href":"https:\/\/www.awanuilabs.co.nz\/south\/nmt\/wp-json\/wp\/v2\/users\/1"}],"replies":[{"embeddable":true,"href":"https:\/\/www.awanuilabs.co.nz\/south\/nmt\/wp-json\/wp\/v2\/comments?post=4"}],"version-history":[{"count":19,"href":"https:\/\/www.awanuilabs.co.nz\/south\/nmt\/wp-json\/wp\/v2\/pages\/4\/revisions"}],"predecessor-version":[{"id":2155,"href":"https:\/\/www.awanuilabs.co.nz\/south\/nmt\/wp-json\/wp\/v2\/pages\/4\/revisions\/2155"}],"wp:attachment":[{"href":"https:\/\/www.awanuilabs.co.nz\/south\/nmt\/wp-json\/wp\/v2\/media?parent=4"}],"curies":[{"name":"wp","href":"https:\/\/api.w.org\/{rel}","templated":true}]}}