{"id":794,"date":"2021-02-12T10:31:15","date_gmt":"2021-02-11T21:31:15","guid":{"rendered":"https:\/\/www.awanuilabs.co.nz\/south\/nmt\/?page_id=794"},"modified":"2024-09-23T12:23:50","modified_gmt":"2024-09-23T00:23:50","slug":"return-of-human-tissue","status":"publish","type":"page","link":"https:\/\/www.awanuilabs.co.nz\/south\/nmt\/for-patients\/return-of-human-tissue\/","title":{"rendered":"Return of Human Tissue"},"content":{"rendered":"\n<p>Information for patients and whanau on what happens to tissue in the laboratory and what to expect when it is returned to you.<\/p>\n\n\n\n<p><a href=\"https:\/\/fl-healthscope-media.s3.amazonaws.com\/lab-sites\/uploads\/sites\/5\/2024\/09\/Awanui-Labs-Return-Human-Tissue-Leaflet-A4-In-House.pdf\">Download a pamphlet here.<\/a><\/p>\n\n\n\n<h2 class=\"wp-block-heading\">What will happen to my tissue?<\/h2>\n\n\n\n<h2 class=\"wp-block-heading\"><em>Ka ahatia t\u014dku kikokiko<\/em><\/h2>\n\n\n\n<p>Before your procedure, your doctor will give you some information to help you decide whether or not to keep your tissue after testing.&nbsp; This is part of your informed consent for the procedure.<\/p>\n\n\n\n<p>After removal, your tissue will be placed in formalin preservative.&nbsp; All human tissue is treated with respect.&nbsp; In the laboratory, the tissue will be sliced for closer examination.&nbsp; Very thin slices of some tissue will be placed onto microscope slides.<\/p>\n\n\n\n<p>An Anatomical Pathologist (specialist doctor) will examine your tissue under a microscope.&nbsp; The results will be sent to your doctor who will then give them to you. You can ask the requesting doctor, or your family doctor (GP) to explain the results.<\/p>\n\n\n\n<div style=\"color:#ddd\" class=\"wp-block-atomic-blocks-ab-spacer ab-block-spacer ab-divider-solid ab-divider-size-1\"><hr style=\"height:30px\"\/><\/div>\n\n\n\n<h2 class=\"wp-block-heading\">What will my tissue look like after testing?<\/h2>\n\n\n\n<h2 class=\"wp-block-heading\"><em>Ka p\u0113hea to \u0101hua o t\u014dku kikokiko i muri i te whakam\u0101tau?<\/em><\/h2>\n\n\n\n<p>After processing and testing, your tissue may not look like it did when it was removed:<\/p>\n\n\n\n<p>The formalin preservative may have caused the tissue to change colour.<\/p>\n\n\n\n<p>Small pieces will be missing as these have been processed and placed on microscope slides for examination by the Anatomical Pathologist.&nbsp; These pieces are kept in the laboratory for:<\/p>\n\n\n\n<ul class=\"wp-block-list\">\n<li>Review at a later date<\/li>\n\n\n\n<li>Assist a family member with a similar problem<\/li>\n\n\n\n<li>Possible inclusion in audits of the laboratory to ensure high standards are maintained.<\/li>\n<\/ul>\n\n\n\n<p>If the sample taken was very small it may have been all used to make the slides.&nbsp; If this is the case, you may still ask for the slides if you wish.<\/p>\n\n\n\n<div style=\"color:#ddd\" class=\"wp-block-atomic-blocks-ab-spacer ab-block-spacer ab-divider-solid ab-divider-size-1\"><hr style=\"height:30px\"\/><\/div>\n\n\n\n<h2 class=\"wp-block-heading\">How do I collect my tissue?<\/h2>\n\n\n\n<h2 class=\"wp-block-heading\"><em>Me p\u0113hea to t\u0101mata i t\u014dku kikokiko?<\/em><\/h2>\n\n\n\n<p>When your tissue is ready for collection, you will receive a letter, with instructions on how to make an appointment to pick up your tissue.&nbsp; Please give a days\u2019 notice for preparations to be made.&nbsp; You are required to bring one form of photo identification or you can arrange another person to pick up your tissue on your behalf. <\/p>\n\n\n\n<p>We understand that some people may require cultural or spiritual support. See below for contact information:<\/p>\n\n\n\n<ul class=\"wp-block-list\">\n<li>Maori Health Unit &#8211; 03 546 1402<\/li>\n\n\n\n<li>Chaplaincy Service &#8211; 03 546 1800<\/li>\n\n\n\n<li>Social Work Services &#8211; 03 546 1801<\/li>\n<\/ul>\n\n\n\n<div style=\"color:#ddd\" class=\"wp-block-atomic-blocks-ab-spacer ab-block-spacer ab-divider-solid ab-divider-size-1\"><hr style=\"height:30px\"\/><\/div>\n\n\n\n<h2 class=\"wp-block-heading\">Important information about handling your tissue<\/h2>\n\n\n\n<h2 class=\"wp-block-heading\"><em>He p\u0101rongo nui m\u014d te wh\u0101wh\u0101 I kikokiko<\/em><\/h2>\n\n\n\n<p>Your returned tissue has been placed in formalin preservative for processing.&nbsp; Prior to returning your tissue the formalin is washed off, but some will remain in your tissue.&nbsp; Formalin is a poisonous substance that can irritate your skin, eyes, nose and mouth.<\/p>\n\n\n\n<p>Your tissue has been dried as much as possible and placed in a clear, sealed plastic pocket.&nbsp; This is wrapped in cotton wool and placed in a named box.&nbsp; The box is placed in a bag, together with a pair of gloves.&nbsp; Please wear the gloves if handling the tissue.&nbsp; Gloves should be bagged before being placed in your household rubbish. <\/p>\n\n\n\n<p>As your tissue has been preserved, there is no need to store in a fridge or freezer.<\/p>\n\n\n\n<div style=\"color:#ddd\" class=\"wp-block-atomic-blocks-ab-spacer ab-block-spacer ab-divider-solid ab-divider-size-1\"><hr style=\"height:30px\"\/><\/div>\n\n\n\n<h2 class=\"wp-block-heading\">Burying your tissue<\/h2>\n\n\n\n<h2 class=\"wp-block-heading\"><em>Te nehu i t\u014d kikokiko<\/em><\/h2>\n\n\n\n<ul class=\"wp-block-list\">\n<li>You can make arrangements for burial at a cemetery or cremation.<\/li>\n\n\n\n<li>You can bury your tissue in the earth at a private property such as your home.<\/li>\n\n\n\n<li>It should be buried at a depth to prevent access to animals and so it cannot contaminate near surface soil.<\/li>\n\n\n\n<li>It is best to tear the bag once it is in the earth to allow the soil \/ bacteria into the tissue.<\/li>\n\n\n\n<li>Handling the tissue may expose you to residual formalin.<\/li>\n<\/ul>\n","protected":false},"excerpt":{"rendered":"Information for patients and whanau on what happens to tissue in the laboratory and what to expect when it is returned to you. Download a pamphlet here. What will happen to my tissue? Ka ahatia t\u014dku kikokiko Before your procedure, your doctor will give you some information to help you decide whether or not to [&hellip;]","protected":false},"author":5,"featured_media":0,"parent":23,"menu_order":0,"comment_status":"closed","ping_status":"closed","template":"page-left-sidebar.php","meta":{"footnotes":""},"class_list":["post-794","page","type-page","status-publish","hentry"],"yoast_head":"<!-- This site is optimized with the Yoast SEO plugin v27.5 - https:\/\/yoast.com\/product\/yoast-seo-wordpress\/ -->\n<title>Return of Human Tissue &#8211; Awanui Labs - Marlborough, Nelson, Tasman<\/title>\n<meta name=\"description\" content=\"Information for patients and whanau on what happens to tissue in the laboratory and what to expect when it is returned to you.\" \/>\n<meta name=\"robots\" content=\"index, follow, max-snippet:-1, max-image-preview:large, max-video-preview:-1\" \/>\n<link rel=\"canonical\" href=\"https:\/\/www.awanuilabs.co.nz\/south\/nmt\/for-patients\/return-of-human-tissue\/\" \/>\n<meta property=\"og:locale\" content=\"en_US\" \/>\n<meta property=\"og:type\" content=\"article\" \/>\n<meta property=\"og:title\" content=\"Return of Human Tissue &#8211; Awanui Labs - Marlborough, Nelson, Tasman\" \/>\n<meta property=\"og:description\" content=\"Information for patients and whanau on what happens to tissue in the laboratory and what to expect when it is returned to you.\" \/>\n<meta property=\"og:url\" content=\"https:\/\/www.awanuilabs.co.nz\/south\/nmt\/for-patients\/return-of-human-tissue\/\" \/>\n<meta property=\"og:site_name\" content=\"Awanui Labs - Marlborough, Nelson, Tasman\" \/>\n<meta property=\"article:modified_time\" content=\"2024-09-23T00:23:50+00:00\" \/>\n<meta property=\"og:image\" content=\"https:\/\/fl-healthscope-media.s3.amazonaws.com\/lab-sites\/uploads\/sites\/7\/2023\/08\/Awanui-Labs-Lab-Technician-min.jpeg\" \/>\n\t<meta property=\"og:image:width\" content=\"2000\" \/>\n\t<meta property=\"og:image:height\" content=\"917\" \/>\n\t<meta property=\"og:image:type\" content=\"image\/jpeg\" \/>\n<meta name=\"twitter:card\" content=\"summary_large_image\" \/>\n<meta name=\"twitter:label1\" content=\"Est. reading time\" \/>\n\t<meta name=\"twitter:data1\" content=\"3 minutes\" \/>\n<script type=\"application\/ld+json\" class=\"yoast-schema-graph\">{\"@context\":\"https:\\\/\\\/schema.org\",\"@graph\":[{\"@type\":\"WebPage\",\"@id\":\"https:\\\/\\\/www.awanuilabs.co.nz\\\/south\\\/nmt\\\/for-patients\\\/return-of-human-tissue\\\/\",\"url\":\"https:\\\/\\\/www.awanuilabs.co.nz\\\/south\\\/nmt\\\/for-patients\\\/return-of-human-tissue\\\/\",\"name\":\"Return of Human Tissue &#8211; Awanui Labs - Marlborough, Nelson, Tasman\",\"isPartOf\":{\"@id\":\"https:\\\/\\\/www.awanuilabs.co.nz\\\/south\\\/nmt\\\/#website\"},\"datePublished\":\"2021-02-11T21:31:15+00:00\",\"dateModified\":\"2024-09-23T00:23:50+00:00\",\"description\":\"Information for patients and whanau on what happens to tissue in the laboratory and what to expect when it is returned to you.\",\"breadcrumb\":{\"@id\":\"https:\\\/\\\/www.awanuilabs.co.nz\\\/south\\\/nmt\\\/for-patients\\\/return-of-human-tissue\\\/#breadcrumb\"},\"inLanguage\":\"en-NZ\",\"potentialAction\":[{\"@type\":\"ReadAction\",\"target\":[\"https:\\\/\\\/www.awanuilabs.co.nz\\\/south\\\/nmt\\\/for-patients\\\/return-of-human-tissue\\\/\"]}]},{\"@type\":\"BreadcrumbList\",\"@id\":\"https:\\\/\\\/www.awanuilabs.co.nz\\\/south\\\/nmt\\\/for-patients\\\/return-of-human-tissue\\\/#breadcrumb\",\"itemListElement\":[{\"@type\":\"ListItem\",\"position\":1,\"name\":\"Home\",\"item\":\"https:\\\/\\\/www.awanuilabs.co.nz\\\/south\\\/nmt\\\/\"},{\"@type\":\"ListItem\",\"position\":2,\"name\":\"For Patients\",\"item\":\"https:\\\/\\\/www.awanuilabs.co.nz\\\/south\\\/nmt\\\/for-patients\\\/\"},{\"@type\":\"ListItem\",\"position\":3,\"name\":\"Return of Human Tissue\"}]},{\"@type\":\"WebSite\",\"@id\":\"https:\\\/\\\/www.awanuilabs.co.nz\\\/south\\\/nmt\\\/#website\",\"url\":\"https:\\\/\\\/www.awanuilabs.co.nz\\\/south\\\/nmt\\\/\",\"name\":\"Awanui Labs - Marlborough, Nelson, Tasman\",\"description\":\"Laboratory and pathology services\",\"publisher\":{\"@id\":\"https:\\\/\\\/www.awanuilabs.co.nz\\\/south\\\/nmt\\\/#organization\"},\"potentialAction\":[{\"@type\":\"SearchAction\",\"target\":{\"@type\":\"EntryPoint\",\"urlTemplate\":\"https:\\\/\\\/www.awanuilabs.co.nz\\\/south\\\/nmt\\\/?s={search_term_string}\"},\"query-input\":{\"@type\":\"PropertyValueSpecification\",\"valueRequired\":true,\"valueName\":\"search_term_string\"}}],\"inLanguage\":\"en-NZ\"},{\"@type\":\"Organization\",\"@id\":\"https:\\\/\\\/www.awanuilabs.co.nz\\\/south\\\/nmt\\\/#organization\",\"name\":\"Awanui Labs - Marlborough, Nelson, Tasman\",\"url\":\"https:\\\/\\\/www.awanuilabs.co.nz\\\/south\\\/nmt\\\/\",\"logo\":{\"@type\":\"ImageObject\",\"inLanguage\":\"en-NZ\",\"@id\":\"https:\\\/\\\/www.awanuilabs.co.nz\\\/south\\\/nmt\\\/#\\\/schema\\\/logo\\\/image\\\/\",\"url\":\"https:\\\/\\\/fl-healthscope-media.s3.amazonaws.com\\\/lab-sites\\\/uploads\\\/sites\\\/7\\\/2023\\\/08\\\/RGB_Awanui-Labs-horizonal-colour-positive.svg\",\"contentUrl\":\"https:\\\/\\\/fl-healthscope-media.s3.amazonaws.com\\\/lab-sites\\\/uploads\\\/sites\\\/7\\\/2023\\\/08\\\/RGB_Awanui-Labs-horizonal-colour-positive.svg\",\"width\":861,\"height\":133,\"caption\":\"Awanui Labs - Marlborough, Nelson, Tasman\"},\"image\":{\"@id\":\"https:\\\/\\\/www.awanuilabs.co.nz\\\/south\\\/nmt\\\/#\\\/schema\\\/logo\\\/image\\\/\"}}]}<\/script>\n<!-- \/ Yoast SEO plugin. -->","yoast_head_json":{"title":"Return of Human Tissue &#8211; Awanui Labs - Marlborough, Nelson, Tasman","description":"Information for patients and whanau on what happens to tissue in the laboratory and what to expect when it is returned to you.","robots":{"index":"index","follow":"follow","max-snippet":"max-snippet:-1","max-image-preview":"max-image-preview:large","max-video-preview":"max-video-preview:-1"},"canonical":"https:\/\/www.awanuilabs.co.nz\/south\/nmt\/for-patients\/return-of-human-tissue\/","og_locale":"en_US","og_type":"article","og_title":"Return of Human Tissue &#8211; Awanui Labs - Marlborough, Nelson, Tasman","og_description":"Information for patients and whanau on what happens to tissue in the laboratory and what to expect when it is returned to you.","og_url":"https:\/\/www.awanuilabs.co.nz\/south\/nmt\/for-patients\/return-of-human-tissue\/","og_site_name":"Awanui Labs - Marlborough, Nelson, Tasman","article_modified_time":"2024-09-23T00:23:50+00:00","og_image":[{"width":2000,"height":917,"url":"https:\/\/fl-healthscope-media.s3.amazonaws.com\/lab-sites\/uploads\/sites\/7\/2023\/08\/Awanui-Labs-Lab-Technician-min.jpeg","type":"image\/jpeg"}],"twitter_card":"summary_large_image","twitter_misc":{"Est. reading time":"3 minutes"},"schema":{"@context":"https:\/\/schema.org","@graph":[{"@type":"WebPage","@id":"https:\/\/www.awanuilabs.co.nz\/south\/nmt\/for-patients\/return-of-human-tissue\/","url":"https:\/\/www.awanuilabs.co.nz\/south\/nmt\/for-patients\/return-of-human-tissue\/","name":"Return of Human Tissue &#8211; Awanui Labs - Marlborough, Nelson, Tasman","isPartOf":{"@id":"https:\/\/www.awanuilabs.co.nz\/south\/nmt\/#website"},"datePublished":"2021-02-11T21:31:15+00:00","dateModified":"2024-09-23T00:23:50+00:00","description":"Information for patients and whanau on what happens to tissue in the laboratory and what to expect when it is returned to you.","breadcrumb":{"@id":"https:\/\/www.awanuilabs.co.nz\/south\/nmt\/for-patients\/return-of-human-tissue\/#breadcrumb"},"inLanguage":"en-NZ","potentialAction":[{"@type":"ReadAction","target":["https:\/\/www.awanuilabs.co.nz\/south\/nmt\/for-patients\/return-of-human-tissue\/"]}]},{"@type":"BreadcrumbList","@id":"https:\/\/www.awanuilabs.co.nz\/south\/nmt\/for-patients\/return-of-human-tissue\/#breadcrumb","itemListElement":[{"@type":"ListItem","position":1,"name":"Home","item":"https:\/\/www.awanuilabs.co.nz\/south\/nmt\/"},{"@type":"ListItem","position":2,"name":"For Patients","item":"https:\/\/www.awanuilabs.co.nz\/south\/nmt\/for-patients\/"},{"@type":"ListItem","position":3,"name":"Return of Human Tissue"}]},{"@type":"WebSite","@id":"https:\/\/www.awanuilabs.co.nz\/south\/nmt\/#website","url":"https:\/\/www.awanuilabs.co.nz\/south\/nmt\/","name":"Awanui Labs - Marlborough, Nelson, Tasman","description":"Laboratory and pathology services","publisher":{"@id":"https:\/\/www.awanuilabs.co.nz\/south\/nmt\/#organization"},"potentialAction":[{"@type":"SearchAction","target":{"@type":"EntryPoint","urlTemplate":"https:\/\/www.awanuilabs.co.nz\/south\/nmt\/?s={search_term_string}"},"query-input":{"@type":"PropertyValueSpecification","valueRequired":true,"valueName":"search_term_string"}}],"inLanguage":"en-NZ"},{"@type":"Organization","@id":"https:\/\/www.awanuilabs.co.nz\/south\/nmt\/#organization","name":"Awanui Labs - Marlborough, Nelson, Tasman","url":"https:\/\/www.awanuilabs.co.nz\/south\/nmt\/","logo":{"@type":"ImageObject","inLanguage":"en-NZ","@id":"https:\/\/www.awanuilabs.co.nz\/south\/nmt\/#\/schema\/logo\/image\/","url":"https:\/\/fl-healthscope-media.s3.amazonaws.com\/lab-sites\/uploads\/sites\/7\/2023\/08\/RGB_Awanui-Labs-horizonal-colour-positive.svg","contentUrl":"https:\/\/fl-healthscope-media.s3.amazonaws.com\/lab-sites\/uploads\/sites\/7\/2023\/08\/RGB_Awanui-Labs-horizonal-colour-positive.svg","width":861,"height":133,"caption":"Awanui Labs - Marlborough, Nelson, Tasman"},"image":{"@id":"https:\/\/www.awanuilabs.co.nz\/south\/nmt\/#\/schema\/logo\/image\/"}}]}},"featured_image_src":null,"featured_image_src_square":null,"_links":{"self":[{"href":"https:\/\/www.awanuilabs.co.nz\/south\/nmt\/wp-json\/wp\/v2\/pages\/794","targetHints":{"allow":["GET"]}}],"collection":[{"href":"https:\/\/www.awanuilabs.co.nz\/south\/nmt\/wp-json\/wp\/v2\/pages"}],"about":[{"href":"https:\/\/www.awanuilabs.co.nz\/south\/nmt\/wp-json\/wp\/v2\/types\/page"}],"author":[{"embeddable":true,"href":"https:\/\/www.awanuilabs.co.nz\/south\/nmt\/wp-json\/wp\/v2\/users\/5"}],"replies":[{"embeddable":true,"href":"https:\/\/www.awanuilabs.co.nz\/south\/nmt\/wp-json\/wp\/v2\/comments?post=794"}],"version-history":[{"count":7,"href":"https:\/\/www.awanuilabs.co.nz\/south\/nmt\/wp-json\/wp\/v2\/pages\/794\/revisions"}],"predecessor-version":[{"id":1969,"href":"https:\/\/www.awanuilabs.co.nz\/south\/nmt\/wp-json\/wp\/v2\/pages\/794\/revisions\/1969"}],"up":[{"embeddable":true,"href":"https:\/\/www.awanuilabs.co.nz\/south\/nmt\/wp-json\/wp\/v2\/pages\/23"}],"wp:attachment":[{"href":"https:\/\/www.awanuilabs.co.nz\/south\/nmt\/wp-json\/wp\/v2\/media?parent=794"}],"curies":[{"name":"wp","href":"https:\/\/api.w.org\/{rel}","templated":true}]}}