{"id":188,"date":"2019-08-30T14:37:16","date_gmt":"2019-08-30T02:37:16","guid":{"rendered":"https:\/\/www.awanuilabs.co.nz\/south\/otagosouthland\/?page_id=188"},"modified":"2025-07-29T12:33:58","modified_gmt":"2025-07-29T00:33:58","slug":"about-us","status":"publish","type":"page","link":"https:\/\/www.awanuilabs.co.nz\/south\/otagosouthland\/about-us\/","title":{"rendered":"About Us"},"content":{"rendered":"\n<p>Awanui Labs (formerly Southern Community Laboratories) began as small private&nbsp;pathology&nbsp;service in the South Island city of Dunedin in the 1960s. Since then&nbsp;our operations&nbsp;have progressively expanded to become part of New Zealand&#8217;s largest network of diagnostic laboratories, providing medical services all over New Zealand.<\/p>\n\n\n\n<p>Our laboratories offer a wide range of diagnostic tests in biochemistry, haematology, microbiology, immunology, molecular pathology, histology and cytology.&nbsp;They are equipped with&nbsp;the newest&nbsp;analysers and state-of-the-art computer systems.&nbsp;Most of our routine patient test results are reported back to the requesting doctors within 24 hours of specimen collection.<\/p>\n\n\n\n<p>Emphasis at Awanui Labs&nbsp;is always placed on&nbsp;provision of top quality laboratory services for&nbsp; Health Professionals and their Patients. We are proud to have branches in smaller provincial towns as well as larger cities.<\/p>\n\n\n\n<p><strong>Please note that the information on this website is relevant to Otago and Southland only including the following regions: Dunedin, Balclutha, Dunstan, Gore, Invercargill, Oamaru and Queenstown.<\/strong><\/p>\n\n\n\n<p>If you are looking for information regarding other regions please visit <a href=\"http:\/\/awanuilabs.co.nz\">awanuilabs.co.nz<\/a><\/p>\n\n\n\n<h2 class=\"wp-block-heading\">Our Values<\/h2>\n\n\n\n<p>We are committed to the future of pathology in New Zealand through excellence in technical, clinical, and service innovations.&nbsp;<\/p>\n\n\n\n<p>\u014c m\u0101tou m\u0101t\u0101pono<br><strong>Our values<\/strong><\/p>\n\n\n\n<p>Our values are a simple but powerful foundation for a shared understanding of what matters in our workplaces, our culture, how we operate, and what distinguishes us as an organisation.<\/p>\n\n\n\n<p>Manaakitanga<br><strong>We Care<\/strong>&nbsp;for each other and the people we serve<\/p>\n\n\n\n<p>Whakapakari<br><strong>We Improve<\/strong>&nbsp;and adapt to create opportunities for success.<\/p>\n\n\n\n<p>Hiranga<br><strong>We Deliver&nbsp;<\/strong>the highest quality medical and scientific expertise<\/p>\n\n\n\n<h2 class=\"wp-block-heading\">Our Name Change<\/h2>\n\n\n\n<p>Ka t\u016b m\u0101tou i muri ki te hauora o Aotearoa<br><strong>We stand behind the health of Aotearoa New Zealand<\/strong><\/p>\n\n\n\n<p>For more information about the brand change visit <a href=\"\/\">awanuilabs.co.nz<\/a><\/p>\n","protected":false},"excerpt":{"rendered":"Awanui Labs (formerly Southern Community Laboratories) began as small private&nbsp;pathology&nbsp;service in the South Island city of Dunedin in the 1960s. Since then&nbsp;our operations&nbsp;have progressively expanded to become part of New Zealand&#8217;s largest network of diagnostic laboratories, providing medical services all over New Zealand. Our laboratories offer a wide range of diagnostic tests in biochemistry, haematology, [&hellip;]","protected":false},"author":1,"featured_media":0,"parent":0,"menu_order":0,"comment_status":"closed","ping_status":"closed","template":"page-left-sidebar.php","meta":{"footnotes":""},"yoast_head":"<!-- This site is optimized with the Yoast SEO plugin v24.2 - https:\/\/yoast.com\/wordpress\/plugins\/seo\/ -->\n<title>About Us &#8212; Awanui Labs \u2013 Otago, Southland<\/title>\n<meta name=\"description\" content=\"Our laboratories across Otago and Southland offer a wide range of diagnostic tests in biochemistry, haematology, microbiology, immunology, molecular pathology, histology and cytology.\" \/>\n<meta name=\"robots\" content=\"index, follow, max-snippet:-1, max-image-preview:large, max-video-preview:-1\" \/>\n<link rel=\"canonical\" href=\"https:\/\/www.awanuilabs.co.nz\/south\/otagosouthland\/about-us\/\" \/>\n<meta property=\"og:locale\" content=\"en_US\" \/>\n<meta property=\"og:type\" content=\"article\" \/>\n<meta property=\"og:title\" content=\"About Us &#8212; Awanui Labs \u2013 Otago, Southland\" \/>\n<meta property=\"og:description\" content=\"Our laboratories across Otago and Southland offer a wide range of diagnostic tests in biochemistry, haematology, microbiology, immunology, molecular pathology, histology and cytology.\" \/>\n<meta property=\"og:url\" content=\"https:\/\/www.awanuilabs.co.nz\/south\/otagosouthland\/about-us\/\" \/>\n<meta property=\"og:site_name\" content=\"Awanui Labs \u2013 Otago, Southland\" \/>\n<meta property=\"article:publisher\" content=\"https:\/\/www.facebook.com\/SouthernCommunityLaboratories\" \/>\n<meta property=\"article:modified_time\" content=\"2025-07-29T00:33:58+00:00\" \/>\n<meta property=\"og:image\" content=\"https:\/\/fl-healthscope-media.s3.amazonaws.com\/lab-sites\/uploads\/sites\/5\/2023\/07\/Awanui-Labs-Lab-Technician-min.jpeg\" \/>\n\t<meta property=\"og:image:width\" content=\"2000\" \/>\n\t<meta property=\"og:image:height\" content=\"917\" \/>\n\t<meta property=\"og:image:type\" content=\"image\/jpeg\" \/>\n<meta name=\"twitter:card\" content=\"summary_large_image\" \/>\n<meta name=\"twitter:label1\" content=\"Est. reading time\" \/>\n\t<meta name=\"twitter:data1\" content=\"2 minutes\" \/>\n<script type=\"application\/ld+json\" class=\"yoast-schema-graph\">{\"@context\":\"https:\/\/schema.org\",\"@graph\":[{\"@type\":\"WebPage\",\"@id\":\"https:\/\/www.awanuilabs.co.nz\/south\/otagosouthland\/about-us\/\",\"url\":\"https:\/\/www.awanuilabs.co.nz\/south\/otagosouthland\/about-us\/\",\"name\":\"About Us &#8212; Awanui Labs \u2013 Otago, Southland\",\"isPartOf\":{\"@id\":\"https:\/\/www.awanuilabs.co.nz\/south\/otagosouthland\/#website\"},\"datePublished\":\"2019-08-30T02:37:16+00:00\",\"dateModified\":\"2025-07-29T00:33:58+00:00\",\"description\":\"Our laboratories across Otago and Southland offer a wide range of diagnostic tests in biochemistry, haematology, microbiology, immunology, molecular pathology, histology and cytology.\",\"breadcrumb\":{\"@id\":\"https:\/\/www.awanuilabs.co.nz\/south\/otagosouthland\/about-us\/#breadcrumb\"},\"inLanguage\":\"en-NZ\",\"potentialAction\":[{\"@type\":\"ReadAction\",\"target\":[\"https:\/\/www.awanuilabs.co.nz\/south\/otagosouthland\/about-us\/\"]}]},{\"@type\":\"BreadcrumbList\",\"@id\":\"https:\/\/www.awanuilabs.co.nz\/south\/otagosouthland\/about-us\/#breadcrumb\",\"itemListElement\":[{\"@type\":\"ListItem\",\"position\":1,\"name\":\"Home\",\"item\":\"https:\/\/www.awanuilabs.co.nz\/south\/otagosouthland\/\"},{\"@type\":\"ListItem\",\"position\":2,\"name\":\"About Us\"}]},{\"@type\":\"WebSite\",\"@id\":\"https:\/\/www.awanuilabs.co.nz\/south\/otagosouthland\/#website\",\"url\":\"https:\/\/www.awanuilabs.co.nz\/south\/otagosouthland\/\",\"name\":\"Awanui Labs \u2013\u00a0Otago, Southland\",\"description\":\"Laboratory and pathology services\",\"publisher\":{\"@id\":\"https:\/\/www.awanuilabs.co.nz\/south\/otagosouthland\/#organization\"},\"potentialAction\":[{\"@type\":\"SearchAction\",\"target\":{\"@type\":\"EntryPoint\",\"urlTemplate\":\"https:\/\/www.awanuilabs.co.nz\/south\/otagosouthland\/?s={search_term_string}\"},\"query-input\":{\"@type\":\"PropertyValueSpecification\",\"valueRequired\":true,\"valueName\":\"search_term_string\"}}],\"inLanguage\":\"en-NZ\"},{\"@type\":\"Organization\",\"@id\":\"https:\/\/www.awanuilabs.co.nz\/south\/otagosouthland\/#organization\",\"name\":\"Awanui Labs \u2013\u00a0Otago, Southland\",\"url\":\"https:\/\/www.awanuilabs.co.nz\/south\/otagosouthland\/\",\"logo\":{\"@type\":\"ImageObject\",\"inLanguage\":\"en-NZ\",\"@id\":\"https:\/\/www.awanuilabs.co.nz\/south\/otagosouthland\/#\/schema\/logo\/image\/\",\"url\":\"https:\/\/fl-healthscope-media.s3.amazonaws.com\/lab-sites\/uploads\/sites\/5\/2023\/07\/RGB_Awanui-Labs-horizonal-colour-positive.svg\",\"contentUrl\":\"https:\/\/fl-healthscope-media.s3.amazonaws.com\/lab-sites\/uploads\/sites\/5\/2023\/07\/RGB_Awanui-Labs-horizonal-colour-positive.svg\",\"width\":861,\"height\":133,\"caption\":\"Awanui Labs \u2013\u00a0Otago, Southland\"},\"image\":{\"@id\":\"https:\/\/www.awanuilabs.co.nz\/south\/otagosouthland\/#\/schema\/logo\/image\/\"},\"sameAs\":[\"https:\/\/www.facebook.com\/SouthernCommunityLaboratories\"]}]}<\/script>\n<!-- \/ Yoast SEO plugin. -->","yoast_head_json":{"title":"About Us &#8212; Awanui Labs \u2013 Otago, Southland","description":"Our laboratories across Otago and Southland offer a wide range of diagnostic tests in biochemistry, haematology, microbiology, immunology, molecular pathology, histology and cytology.","robots":{"index":"index","follow":"follow","max-snippet":"max-snippet:-1","max-image-preview":"max-image-preview:large","max-video-preview":"max-video-preview:-1"},"canonical":"https:\/\/www.awanuilabs.co.nz\/south\/otagosouthland\/about-us\/","og_locale":"en_US","og_type":"article","og_title":"About Us &#8212; Awanui Labs \u2013 Otago, Southland","og_description":"Our laboratories across Otago and Southland offer a wide range of diagnostic tests in biochemistry, haematology, microbiology, immunology, molecular pathology, histology and cytology.","og_url":"https:\/\/www.awanuilabs.co.nz\/south\/otagosouthland\/about-us\/","og_site_name":"Awanui Labs \u2013 Otago, Southland","article_publisher":"https:\/\/www.facebook.com\/SouthernCommunityLaboratories","article_modified_time":"2025-07-29T00:33:58+00:00","og_image":[{"width":2000,"height":917,"url":"https:\/\/fl-healthscope-media.s3.amazonaws.com\/lab-sites\/uploads\/sites\/5\/2023\/07\/Awanui-Labs-Lab-Technician-min.jpeg","type":"image\/jpeg"}],"twitter_card":"summary_large_image","twitter_misc":{"Est. reading time":"2 minutes"},"schema":{"@context":"https:\/\/schema.org","@graph":[{"@type":"WebPage","@id":"https:\/\/www.awanuilabs.co.nz\/south\/otagosouthland\/about-us\/","url":"https:\/\/www.awanuilabs.co.nz\/south\/otagosouthland\/about-us\/","name":"About Us &#8212; Awanui Labs \u2013 Otago, Southland","isPartOf":{"@id":"https:\/\/www.awanuilabs.co.nz\/south\/otagosouthland\/#website"},"datePublished":"2019-08-30T02:37:16+00:00","dateModified":"2025-07-29T00:33:58+00:00","description":"Our laboratories across Otago and Southland offer a wide range of diagnostic tests in biochemistry, haematology, microbiology, immunology, molecular pathology, histology and cytology.","breadcrumb":{"@id":"https:\/\/www.awanuilabs.co.nz\/south\/otagosouthland\/about-us\/#breadcrumb"},"inLanguage":"en-NZ","potentialAction":[{"@type":"ReadAction","target":["https:\/\/www.awanuilabs.co.nz\/south\/otagosouthland\/about-us\/"]}]},{"@type":"BreadcrumbList","@id":"https:\/\/www.awanuilabs.co.nz\/south\/otagosouthland\/about-us\/#breadcrumb","itemListElement":[{"@type":"ListItem","position":1,"name":"Home","item":"https:\/\/www.awanuilabs.co.nz\/south\/otagosouthland\/"},{"@type":"ListItem","position":2,"name":"About Us"}]},{"@type":"WebSite","@id":"https:\/\/www.awanuilabs.co.nz\/south\/otagosouthland\/#website","url":"https:\/\/www.awanuilabs.co.nz\/south\/otagosouthland\/","name":"Awanui Labs \u2013\u00a0Otago, Southland","description":"Laboratory and pathology services","publisher":{"@id":"https:\/\/www.awanuilabs.co.nz\/south\/otagosouthland\/#organization"},"potentialAction":[{"@type":"SearchAction","target":{"@type":"EntryPoint","urlTemplate":"https:\/\/www.awanuilabs.co.nz\/south\/otagosouthland\/?s={search_term_string}"},"query-input":{"@type":"PropertyValueSpecification","valueRequired":true,"valueName":"search_term_string"}}],"inLanguage":"en-NZ"},{"@type":"Organization","@id":"https:\/\/www.awanuilabs.co.nz\/south\/otagosouthland\/#organization","name":"Awanui Labs \u2013\u00a0Otago, Southland","url":"https:\/\/www.awanuilabs.co.nz\/south\/otagosouthland\/","logo":{"@type":"ImageObject","inLanguage":"en-NZ","@id":"https:\/\/www.awanuilabs.co.nz\/south\/otagosouthland\/#\/schema\/logo\/image\/","url":"https:\/\/fl-healthscope-media.s3.amazonaws.com\/lab-sites\/uploads\/sites\/5\/2023\/07\/RGB_Awanui-Labs-horizonal-colour-positive.svg","contentUrl":"https:\/\/fl-healthscope-media.s3.amazonaws.com\/lab-sites\/uploads\/sites\/5\/2023\/07\/RGB_Awanui-Labs-horizonal-colour-positive.svg","width":861,"height":133,"caption":"Awanui Labs \u2013\u00a0Otago, Southland"},"image":{"@id":"https:\/\/www.awanuilabs.co.nz\/south\/otagosouthland\/#\/schema\/logo\/image\/"},"sameAs":["https:\/\/www.facebook.com\/SouthernCommunityLaboratories"]}]}},"featured_image_src":null,"featured_image_src_square":null,"_links":{"self":[{"href":"https:\/\/www.awanuilabs.co.nz\/south\/otagosouthland\/wp-json\/wp\/v2\/pages\/188"}],"collection":[{"href":"https:\/\/www.awanuilabs.co.nz\/south\/otagosouthland\/wp-json\/wp\/v2\/pages"}],"about":[{"href":"https:\/\/www.awanuilabs.co.nz\/south\/otagosouthland\/wp-json\/wp\/v2\/types\/page"}],"author":[{"embeddable":true,"href":"https:\/\/www.awanuilabs.co.nz\/south\/otagosouthland\/wp-json\/wp\/v2\/users\/1"}],"replies":[{"embeddable":true,"href":"https:\/\/www.awanuilabs.co.nz\/south\/otagosouthland\/wp-json\/wp\/v2\/comments?post=188"}],"version-history":[{"count":24,"href":"https:\/\/www.awanuilabs.co.nz\/south\/otagosouthland\/wp-json\/wp\/v2\/pages\/188\/revisions"}],"predecessor-version":[{"id":3477,"href":"https:\/\/www.awanuilabs.co.nz\/south\/otagosouthland\/wp-json\/wp\/v2\/pages\/188\/revisions\/3477"}],"wp:attachment":[{"href":"https:\/\/www.awanuilabs.co.nz\/south\/otagosouthland\/wp-json\/wp\/v2\/media?parent=188"}],"curies":[{"name":"wp","href":"https:\/\/api.w.org\/{rel}","templated":true}]}}